{"id":2156,"date":"2024-02-27T09:35:51","date_gmt":"2024-02-27T09:35:51","guid":{"rendered":"https:\/\/www.hausreinhild.nl\/mittendrin\/"},"modified":"2025-06-19T13:59:02","modified_gmt":"2025-06-19T13:59:02","slug":"mittendrin","status":"publish","type":"page","link":"https:\/\/www.hausreinhild.nl\/de\/mittendrin\/","title":{"rendered":"Mittendrin"},"content":{"rendered":"\n<h4>\n\t\t\tAppartement Mittendrin\t<\/h4>\n\t<p>Der erste Stock vom Haus Reinhild hat ein sehr ger\u00e4umiges, wundersch\u00f6nes und helles Wohnzimmer mit einer Dreh-Kipp-T\u00fcr nach drau\u00dfen, und noch zwei gleich gro\u00dfen Fenstern. Es befindet sich ein Gel\u00e4nder um die ganze Wohnung. Diese Wohnung bietet Platz f\u00fcr 4 &#8211; 7 Personen.  <\/p>\n<h1>\n\t\t\tWohnzimmer\t<\/h1>\n\t\t\t\t<a href=\"https:\/\/www.hausreinhild.nl\/wp-content\/uploads\/2024\/06\/mittendrin-woonkamer2.jpg\"  target=\"_self\" itemprop=\"url\">\n\t\t\t\t<img decoding=\"async\" data-src=\"https:\/\/www.hausreinhild.nl\/wp-content\/uploads\/2024\/06\/mittendrin-woonkamer2.jpg\" alt=\"\" itemprop=\"image\" height=\"1667\" width=\"2500\" onerror=\"this.style.display='none'\" src=\"data:image\/svg+xml;base64,PHN2ZyB3aWR0aD0iMSIgaGVpZ2h0PSIxIiB4bWxucz0iaHR0cDovL3d3dy53My5vcmcvMjAwMC9zdmciPjwvc3ZnPg==\" class=\"lazyload\" style=\"--smush-placeholder-width: 2500px; --smush-placeholder-aspect-ratio: 2500\/1667;\" \/>\n\t\t\t\t<\/a>\n\t\t\t\t<a href=\"https:\/\/www.hausreinhild.nl\/wp-content\/uploads\/2024\/06\/mittendrin-woonkamer3.jpg\"  target=\"_self\" itemprop=\"url\">\n\t\t\t\t<img decoding=\"async\" data-src=\"https:\/\/www.hausreinhild.nl\/wp-content\/uploads\/2024\/06\/mittendrin-woonkamer3.jpg\" alt=\"mittendrin-woonkamer3\" itemprop=\"image\" height=\"1333\" width=\"2000\" title=\"mittendrin-woonkamer3\" onerror=\"this.style.display='none'\" src=\"data:image\/svg+xml;base64,PHN2ZyB3aWR0aD0iMSIgaGVpZ2h0PSIxIiB4bWxucz0iaHR0cDovL3d3dy53My5vcmcvMjAwMC9zdmciPjwvc3ZnPg==\" class=\"lazyload\" style=\"--smush-placeholder-width: 2000px; --smush-placeholder-aspect-ratio: 2000\/1333;\" \/>\n\t\t\t\t<\/a>\n\t\t\t\t<a href=\"https:\/\/www.hausreinhild.nl\/wp-content\/uploads\/2024\/06\/mittendrin-woonkamer6.jpg\"  target=\"_self\" itemprop=\"url\">\n\t\t\t\t<img decoding=\"async\" data-src=\"https:\/\/www.hausreinhild.nl\/wp-content\/uploads\/2024\/06\/mittendrin-woonkamer6.jpg\" alt=\"mittendrin-woonkamer6\" itemprop=\"image\" height=\"1333\" width=\"2000\" title=\"mittendrin-woonkamer6\" onerror=\"this.style.display='none'\" src=\"data:image\/svg+xml;base64,PHN2ZyB3aWR0aD0iMSIgaGVpZ2h0PSIxIiB4bWxucz0iaHR0cDovL3d3dy53My5vcmcvMjAwMC9zdmciPjwvc3ZnPg==\" class=\"lazyload\" style=\"--smush-placeholder-width: 2000px; --smush-placeholder-aspect-ratio: 2000\/1333;\" \/>\n\t\t\t\t<\/a>\n\t\t\t\t<a href=\"https:\/\/www.hausreinhild.nl\/wp-content\/uploads\/2024\/06\/mittendrin-woonkamer4-1.jpg\"  target=\"_self\" itemprop=\"url\">\n\t\t\t\t<img decoding=\"async\" data-src=\"https:\/\/www.hausreinhild.nl\/wp-content\/uploads\/2024\/06\/mittendrin-woonkamer4-1.jpg\" alt=\"\" itemprop=\"image\" height=\"1333\" width=\"2000\" onerror=\"this.style.display='none'\" src=\"data:image\/svg+xml;base64,PHN2ZyB3aWR0aD0iMSIgaGVpZ2h0PSIxIiB4bWxucz0iaHR0cDovL3d3dy53My5vcmcvMjAwMC9zdmciPjwvc3ZnPg==\" class=\"lazyload\" style=\"--smush-placeholder-width: 2000px; --smush-placeholder-aspect-ratio: 2000\/1333;\" \/>\n\t\t\t\t<\/a>\n\t\t\t\t<a href=\"https:\/\/www.hausreinhild.nl\/wp-content\/uploads\/2024\/06\/bloemboekje-scaled.jpg\"  target=\"_self\" itemprop=\"url\">\n\t\t\t\t<img decoding=\"async\" data-src=\"https:\/\/www.hausreinhild.nl\/wp-content\/uploads\/2024\/06\/bloemboekje-scaled.jpg\" alt=\"\" itemprop=\"image\" height=\"1707\" width=\"2560\" onerror=\"this.style.display='none'\" src=\"data:image\/svg+xml;base64,PHN2ZyB3aWR0aD0iMSIgaGVpZ2h0PSIxIiB4bWxucz0iaHR0cDovL3d3dy53My5vcmcvMjAwMC9zdmciPjwvc3ZnPg==\" class=\"lazyload\" style=\"--smush-placeholder-width: 2560px; --smush-placeholder-aspect-ratio: 2560\/1707;\" \/>\n\t\t\t\t<\/a>\n\t\t\t\t<a href=\"https:\/\/www.hausreinhild.nl\/wp-content\/uploads\/2024\/06\/speelhoek-2.jpg\"  target=\"_self\" itemprop=\"url\">\n\t\t\t\t<img decoding=\"async\" data-src=\"https:\/\/www.hausreinhild.nl\/wp-content\/uploads\/2024\/06\/speelhoek-2.jpg\" alt=\"\" itemprop=\"image\" height=\"1000\" width=\"1500\" onerror=\"this.style.display='none'\" src=\"data:image\/svg+xml;base64,PHN2ZyB3aWR0aD0iMSIgaGVpZ2h0PSIxIiB4bWxucz0iaHR0cDovL3d3dy53My5vcmcvMjAwMC9zdmciPjwvc3ZnPg==\" class=\"lazyload\" style=\"--smush-placeholder-width: 1500px; --smush-placeholder-aspect-ratio: 1500\/1000;\" \/>\n\t\t\t\t<\/a>\n<h1>\n\t\t\tK\u00fcche\t<\/h1>\n\t\t\t\t<a href=\"https:\/\/www.hausreinhild.nl\/wp-content\/uploads\/2024\/06\/mittendrin-keuken4-2.jpg\"  target=\"_self\" itemprop=\"url\">\n\t\t\t\t<img decoding=\"async\" data-src=\"https:\/\/www.hausreinhild.nl\/wp-content\/uploads\/2024\/06\/mittendrin-keuken4-2.jpg\" alt=\"mittendrin-keuken4\" itemprop=\"image\" height=\"1333\" width=\"2000\" title=\"mittendrin-keuken4\" onerror=\"this.style.display='none'\" src=\"data:image\/svg+xml;base64,PHN2ZyB3aWR0aD0iMSIgaGVpZ2h0PSIxIiB4bWxucz0iaHR0cDovL3d3dy53My5vcmcvMjAwMC9zdmciPjwvc3ZnPg==\" class=\"lazyload\" style=\"--smush-placeholder-width: 2000px; --smush-placeholder-aspect-ratio: 2000\/1333;\" \/>\n\t\t\t\t<\/a>\n\t\t\t\t<a href=\"https:\/\/www.hausreinhild.nl\/wp-content\/uploads\/2024\/06\/servies-keuken.jpg\"  target=\"_self\" itemprop=\"url\">\n\t\t\t\t<img decoding=\"async\" data-src=\"https:\/\/www.hausreinhild.nl\/wp-content\/uploads\/2024\/06\/servies-keuken.jpg\" alt=\"servies-keuken\" itemprop=\"image\" height=\"667\" width=\"1000\" title=\"servies-keuken\" onerror=\"this.style.display='none'\" src=\"data:image\/svg+xml;base64,PHN2ZyB3aWR0aD0iMSIgaGVpZ2h0PSIxIiB4bWxucz0iaHR0cDovL3d3dy53My5vcmcvMjAwMC9zdmciPjwvc3ZnPg==\" class=\"lazyload\" style=\"--smush-placeholder-width: 1000px; --smush-placeholder-aspect-ratio: 1000\/667;\" \/>\n\t\t\t\t<\/a>\n\t\t\t\t<a href=\"https:\/\/www.hausreinhild.nl\/wp-content\/uploads\/2024\/06\/keuken-zithoek2.jpg\"  target=\"_self\" itemprop=\"url\">\n\t\t\t\t<img decoding=\"async\" data-src=\"https:\/\/www.hausreinhild.nl\/wp-content\/uploads\/2024\/06\/keuken-zithoek2.jpg\" alt=\"keuken-zithoek2\" itemprop=\"image\" height=\"1000\" width=\"1500\" title=\"keuken-zithoek2\" onerror=\"this.style.display='none'\" src=\"data:image\/svg+xml;base64,PHN2ZyB3aWR0aD0iMSIgaGVpZ2h0PSIxIiB4bWxucz0iaHR0cDovL3d3dy53My5vcmcvMjAwMC9zdmciPjwvc3ZnPg==\" class=\"lazyload\" style=\"--smush-placeholder-width: 1500px; --smush-placeholder-aspect-ratio: 1500\/1000;\" \/>\n\t\t\t\t<\/a>\n\t\t\t\t<a href=\"https:\/\/www.hausreinhild.nl\/wp-content\/uploads\/2024\/06\/mittendrin-keuken-2.jpg\"  target=\"_self\" itemprop=\"url\">\n\t\t\t\t<img decoding=\"async\" data-src=\"https:\/\/www.hausreinhild.nl\/wp-content\/uploads\/2024\/06\/mittendrin-keuken-2.jpg\" alt=\"\" itemprop=\"image\" height=\"1333\" width=\"2000\" onerror=\"this.style.display='none'\" src=\"data:image\/svg+xml;base64,PHN2ZyB3aWR0aD0iMSIgaGVpZ2h0PSIxIiB4bWxucz0iaHR0cDovL3d3dy53My5vcmcvMjAwMC9zdmciPjwvc3ZnPg==\" class=\"lazyload\" style=\"--smush-placeholder-width: 2000px; --smush-placeholder-aspect-ratio: 2000\/1333;\" \/>\n\t\t\t\t<\/a>\n\t\t\t\t<a href=\"https:\/\/www.hausreinhild.nl\/wp-content\/uploads\/2024\/06\/mittendrin-keuken-zithoek-scaled.jpg\"  target=\"_self\" itemprop=\"url\">\n\t\t\t\t<img decoding=\"async\" data-src=\"https:\/\/www.hausreinhild.nl\/wp-content\/uploads\/2024\/06\/mittendrin-keuken-zithoek-scaled.jpg\" alt=\"mittendrin-keuken-zithoek\" itemprop=\"image\" height=\"1706\" width=\"2560\" title=\"mittendrin-keuken-zithoek\" onerror=\"this.style.display='none'\" src=\"data:image\/svg+xml;base64,PHN2ZyB3aWR0aD0iMSIgaGVpZ2h0PSIxIiB4bWxucz0iaHR0cDovL3d3dy53My5vcmcvMjAwMC9zdmciPjwvc3ZnPg==\" class=\"lazyload\" style=\"--smush-placeholder-width: 2560px; --smush-placeholder-aspect-ratio: 2560\/1706;\" \/>\n\t\t\t\t<\/a>\n\t\t\t\t<a href=\"https:\/\/www.hausreinhild.nl\/wp-content\/uploads\/2024\/06\/boerenbond.jpg\"  target=\"_self\" itemprop=\"url\">\n\t\t\t\t<img decoding=\"async\" data-src=\"https:\/\/www.hausreinhild.nl\/wp-content\/uploads\/2024\/06\/boerenbond.jpg\" alt=\"boerenbond\" itemprop=\"image\" height=\"667\" width=\"1000\" title=\"boerenbond\" onerror=\"this.style.display='none'\" src=\"data:image\/svg+xml;base64,PHN2ZyB3aWR0aD0iMSIgaGVpZ2h0PSIxIiB4bWxucz0iaHR0cDovL3d3dy53My5vcmcvMjAwMC9zdmciPjwvc3ZnPg==\" class=\"lazyload\" style=\"--smush-placeholder-width: 1000px; --smush-placeholder-aspect-ratio: 1000\/667;\" \/>\n\t\t\t\t<\/a>\n<h1>\n\t\t\tMaster Bedroom\t<\/h1>\n\t\t\t\t<a href=\"https:\/\/www.hausreinhild.nl\/wp-content\/uploads\/2024\/06\/mittendrin-slaapkamer3.jpg\"  target=\"_self\" itemprop=\"url\">\n\t\t\t\t<img decoding=\"async\" data-src=\"https:\/\/www.hausreinhild.nl\/wp-content\/uploads\/2024\/06\/mittendrin-slaapkamer3.jpg\" alt=\"\" itemprop=\"image\" height=\"1000\" width=\"1500\" onerror=\"this.style.display='none'\" src=\"data:image\/svg+xml;base64,PHN2ZyB3aWR0aD0iMSIgaGVpZ2h0PSIxIiB4bWxucz0iaHR0cDovL3d3dy53My5vcmcvMjAwMC9zdmciPjwvc3ZnPg==\" class=\"lazyload\" style=\"--smush-placeholder-width: 1500px; --smush-placeholder-aspect-ratio: 1500\/1000;\" \/>\n\t\t\t\t<\/a>\n\t\t\t\t<a href=\"https:\/\/www.hausreinhild.nl\/wp-content\/uploads\/2024\/06\/mittendrin-slaapkamer6.jpg\"  target=\"_self\" itemprop=\"url\">\n\t\t\t\t<img decoding=\"async\" data-src=\"https:\/\/www.hausreinhild.nl\/wp-content\/uploads\/2024\/06\/mittendrin-slaapkamer6.jpg\" alt=\"mittendrin-slaapkamer6\" itemprop=\"image\" height=\"1333\" width=\"2000\" title=\"mittendrin-slaapkamer6\" onerror=\"this.style.display='none'\" src=\"data:image\/svg+xml;base64,PHN2ZyB3aWR0aD0iMSIgaGVpZ2h0PSIxIiB4bWxucz0iaHR0cDovL3d3dy53My5vcmcvMjAwMC9zdmciPjwvc3ZnPg==\" class=\"lazyload\" style=\"--smush-placeholder-width: 2000px; --smush-placeholder-aspect-ratio: 2000\/1333;\" \/>\n\t\t\t\t<\/a>\n\t\t\t\t<a href=\"https:\/\/www.hausreinhild.nl\/wp-content\/uploads\/2024\/06\/mittendrin-slaapkamer-1.jpg\"  target=\"_self\" itemprop=\"url\">\n\t\t\t\t<img decoding=\"async\" data-src=\"https:\/\/www.hausreinhild.nl\/wp-content\/uploads\/2024\/06\/mittendrin-slaapkamer-1.jpg\" alt=\"mittendrin-slaapkamer\" itemprop=\"image\" height=\"1333\" width=\"2000\" title=\"mittendrin-slaapkamer\" onerror=\"this.style.display='none'\" src=\"data:image\/svg+xml;base64,PHN2ZyB3aWR0aD0iMSIgaGVpZ2h0PSIxIiB4bWxucz0iaHR0cDovL3d3dy53My5vcmcvMjAwMC9zdmciPjwvc3ZnPg==\" class=\"lazyload\" style=\"--smush-placeholder-width: 2000px; --smush-placeholder-aspect-ratio: 2000\/1333;\" \/>\n\t\t\t\t<\/a>\n<h1>\n\t\t\tZweites Schlafzimmer\t<\/h1>\n\t\t\t\t<a href=\"https:\/\/www.hausreinhild.nl\/wp-content\/uploads\/2024\/06\/mittendrin-kleine-slaapkamer5.jpg\"  target=\"_self\" itemprop=\"url\">\n\t\t\t\t<img decoding=\"async\" data-src=\"https:\/\/www.hausreinhild.nl\/wp-content\/uploads\/2024\/06\/mittendrin-kleine-slaapkamer5.jpg\" alt=\"\" itemprop=\"image\" height=\"1333\" width=\"2000\" onerror=\"this.style.display='none'\" src=\"data:image\/svg+xml;base64,PHN2ZyB3aWR0aD0iMSIgaGVpZ2h0PSIxIiB4bWxucz0iaHR0cDovL3d3dy53My5vcmcvMjAwMC9zdmciPjwvc3ZnPg==\" class=\"lazyload\" style=\"--smush-placeholder-width: 2000px; --smush-placeholder-aspect-ratio: 2000\/1333;\" \/>\n\t\t\t\t<\/a>\n\t\t\t\t<a href=\"https:\/\/www.hausreinhild.nl\/wp-content\/uploads\/2024\/06\/mittendrin-kleine-slaapkamer-3.jpg\"  target=\"_self\" itemprop=\"url\">\n\t\t\t\t<img decoding=\"async\" data-src=\"https:\/\/www.hausreinhild.nl\/wp-content\/uploads\/2024\/06\/mittendrin-kleine-slaapkamer-3.jpg\" alt=\"\" itemprop=\"image\" height=\"2401\" width=\"2000\" onerror=\"this.style.display='none'\" src=\"data:image\/svg+xml;base64,PHN2ZyB3aWR0aD0iMSIgaGVpZ2h0PSIxIiB4bWxucz0iaHR0cDovL3d3dy53My5vcmcvMjAwMC9zdmciPjwvc3ZnPg==\" class=\"lazyload\" style=\"--smush-placeholder-width: 2000px; --smush-placeholder-aspect-ratio: 2000\/2401;\" \/>\n\t\t\t\t<\/a>\n\t\t\t\t<a href=\"https:\/\/www.hausreinhild.nl\/wp-content\/uploads\/2024\/06\/mittendrin-kleine-slaapkamer3.jpg\"  target=\"_self\" itemprop=\"url\">\n\t\t\t\t<img decoding=\"async\" data-src=\"https:\/\/www.hausreinhild.nl\/wp-content\/uploads\/2024\/06\/mittendrin-kleine-slaapkamer3.jpg\" alt=\"mittendrin-kleine-slaapkamer3\" itemprop=\"image\" height=\"1333\" width=\"2000\" title=\"mittendrin-kleine-slaapkamer3\" onerror=\"this.style.display='none'\" src=\"data:image\/svg+xml;base64,PHN2ZyB3aWR0aD0iMSIgaGVpZ2h0PSIxIiB4bWxucz0iaHR0cDovL3d3dy53My5vcmcvMjAwMC9zdmciPjwvc3ZnPg==\" class=\"lazyload\" style=\"--smush-placeholder-width: 2000px; --smush-placeholder-aspect-ratio: 2000\/1333;\" \/>\n\t\t\t\t<\/a>\n<h1>\n\t\t\tBadezimmer\t<\/h1>\n\t\t\t\t<a href=\"https:\/\/www.hausreinhild.nl\/wp-content\/uploads\/2025\/05\/badkamer-4-scaled.jpg\"  target=\"_self\" itemprop=\"url\">\n\t\t\t\t<img decoding=\"async\" data-src=\"https:\/\/www.hausreinhild.nl\/wp-content\/uploads\/2025\/05\/badkamer-4-scaled.jpg\" alt=\"badkamer 4\" itemprop=\"image\" height=\"2560\" width=\"1707\" title=\"badkamer 4\" onerror=\"this.style.display='none'\" src=\"data:image\/svg+xml;base64,PHN2ZyB3aWR0aD0iMSIgaGVpZ2h0PSIxIiB4bWxucz0iaHR0cDovL3d3dy53My5vcmcvMjAwMC9zdmciPjwvc3ZnPg==\" class=\"lazyload\" style=\"--smush-placeholder-width: 1707px; --smush-placeholder-aspect-ratio: 1707\/2560;\" \/>\n\t\t\t\t<\/a>\n\t\t\t\t<a href=\"https:\/\/www.hausreinhild.nl\/wp-content\/uploads\/2025\/05\/badkamer-6-scaled.jpg\"  target=\"_self\" itemprop=\"url\">\n\t\t\t\t<img decoding=\"async\" data-src=\"https:\/\/www.hausreinhild.nl\/wp-content\/uploads\/2025\/05\/badkamer-6-scaled.jpg\" alt=\"badkamer 6\" itemprop=\"image\" height=\"2560\" width=\"1707\" title=\"badkamer 6\" onerror=\"this.style.display='none'\" src=\"data:image\/svg+xml;base64,PHN2ZyB3aWR0aD0iMSIgaGVpZ2h0PSIxIiB4bWxucz0iaHR0cDovL3d3dy53My5vcmcvMjAwMC9zdmciPjwvc3ZnPg==\" class=\"lazyload\" style=\"--smush-placeholder-width: 1707px; --smush-placeholder-aspect-ratio: 1707\/2560;\" \/>\n\t\t\t\t<\/a>\n\t\t\t\t<a href=\"https:\/\/www.hausreinhild.nl\/wp-content\/uploads\/2025\/05\/badkamer-5-scaled.jpg\"  target=\"_self\" itemprop=\"url\">\n\t\t\t\t<img decoding=\"async\" data-src=\"https:\/\/www.hausreinhild.nl\/wp-content\/uploads\/2025\/05\/badkamer-5-scaled.jpg\" alt=\"badkamer 5\" itemprop=\"image\" height=\"2560\" width=\"1707\" title=\"badkamer 5\" onerror=\"this.style.display='none'\" src=\"data:image\/svg+xml;base64,PHN2ZyB3aWR0aD0iMSIgaGVpZ2h0PSIxIiB4bWxucz0iaHR0cDovL3d3dy53My5vcmcvMjAwMC9zdmciPjwvc3ZnPg==\" class=\"lazyload\" style=\"--smush-placeholder-width: 1707px; --smush-placeholder-aspect-ratio: 1707\/2560;\" \/>\n\t\t\t\t<\/a>\n<h1>\n\t\t\tEinrichtung\t<\/h1>\n\t<ul>\n<li>sehr ger\u00e4umiges 3-Zimmer Appartement mit separater Wohnk\u00fcche und Badezimmer 4 &#8211; 7 Personen<\/li>\n<li>4 &#8211; 7 Personen<\/li>\n<li>Eigener (privater) Hauseingang<\/li>\n<li>Ger\u00e4umiges Wohnzimmer mit Parkettfu\u00dfboden<\/li>\n<li>Badezimmer mit 2 Waschtischen, Toilette und separater Dusche<\/li>\n<li>Master bedroom mit 2 gro\u00dfen Betten (100 X 200 cm) und noch einem 1-Personen-Bett<\/li>\n<li>2<sup>e<\/sup> toilet in de hal<\/li>\n<\/ul>\n<ul>\n<li>Geschirrsp\u00fcler<\/li>\n<li>Kombi-Mikrowelle<\/li>\n<li>Induktionskochfeld<\/li>\n<li>Waschmaschine und Trockner<\/li>\n<li>Flachbildfernseher mit allen NL-Sendern<\/li>\n<li>Drahtloser Internetanschluss<\/li>\n<li>Benutzung von Garten und Gartenm\u00f6beln<\/li>\n<li>Kinderbett und Kinderstuhl k\u00f6nnen, wenn gew\u00fcnscht, zur Verf\u00fcgung gestellt werden<\/li>\n<\/ul>\n\t\t\t<a href=\"https:\/\/www.hausreinhild.nl\/de\/verfuegbarkeit\/\" target=\"_self\">\n\t\t\t\t\t\tVerf\u00fcgbarkeit\n\t\t\t\t\t<\/a>\n<h1>\n\t\t\tKontakt\t<\/h1>\n\t<p>F\u00fcr weitere Informationen nehmen Sie bitte Kontakt mit uns auf:<\/p>\n<p><strong>Anneke van Ginkel <\/strong><\/p>\n<p>Ruf <a href=\"tel:+31546575661\">0546 575661<\/a><\/p>\n<p>Handy <a href=\"tel:+31646594559\">06 46594559<\/a><\/p>\n<p>E-mail <a href=\"mailto:hausreinhild@gmail.com\">hausreinhild@gmail.com<\/a><\/p>\n\n","protected":false},"excerpt":{"rendered":"<p>Appartement Mittendrin Der erste Stock vom Haus Reinhild hat ein sehr ger\u00e4umiges, wundersch\u00f6nes und helles Wohnzimmer mit einer Dreh-Kipp-T\u00fcr nach drau\u00dfen, und noch zwei gleich gro\u00dfen Fenstern. Es befindet sich ein Gel\u00e4nder um die ganze Wohnung. Diese Wohnung bietet Platz f\u00fcr 4 &#8211; 7 Personen. Wohnzimmer K\u00fcche Master Bedroom Zweites Schlafzimmer Badezimmer Einrichtung sehr ger\u00e4umiges [&hellip;]<\/p>\n","protected":false},"author":4,"featured_media":0,"parent":0,"menu_order":0,"comment_status":"closed","ping_status":"closed","template":"","meta":{"site-sidebar-layout":"default","site-content-layout":"default","ast-site-content-layout":"default","site-content-style":"default","site-sidebar-style":"default","ast-global-header-display":"","ast-banner-title-visibility":"","ast-main-header-display":"","ast-hfb-above-header-display":"","ast-hfb-below-header-display":"","ast-hfb-mobile-header-display":"","site-post-title":"disabled","ast-breadcrumbs-content":"","ast-featured-img":"","footer-sml-layout":"","ast-disable-related-posts":"","theme-transparent-header-meta":"default","adv-header-id-meta":"","stick-header-meta":"","header-above-stick-meta":"","header-main-stick-meta":"","header-below-stick-meta":"","astra-migrate-meta-layouts":"default","ast-page-background-enabled":"default","ast-page-background-meta":{"desktop":{"background-color":"","background-image":"","background-repeat":"repeat","background-position":"center center","background-size":"auto","background-attachment":"scroll","background-type":"","background-media":"","overlay-type":"","overlay-color":"","overlay-opacity":"","overlay-gradient":""},"tablet":{"background-color":"","background-image":"","background-repeat":"repeat","background-position":"center center","background-size":"auto","background-attachment":"scroll","background-type":"","background-media":"","overlay-type":"","overlay-color":"","overlay-opacity":"","overlay-gradient":""},"mobile":{"background-color":"","background-image":"","background-repeat":"repeat","background-position":"center center","background-size":"auto","background-attachment":"scroll","background-type":"","background-media":"","overlay-type":"","overlay-color":"","overlay-opacity":"","overlay-gradient":""}},"ast-content-background-meta":{"desktop":{"background-color":"var(--ast-global-color-5)","background-image":"","background-repeat":"repeat","background-position":"center center","background-size":"auto","background-attachment":"scroll","background-type":"","background-media":"","overlay-type":"","overlay-color":"","overlay-opacity":"","overlay-gradient":""},"tablet":{"background-color":"var(--ast-global-color-5)","background-image":"","background-repeat":"repeat","background-position":"center center","background-size":"auto","background-attachment":"scroll","background-type":"","background-media":"","overlay-type":"","overlay-color":"","overlay-opacity":"","overlay-gradient":""},"mobile":{"background-color":"var(--ast-global-color-5)","background-image":"","background-repeat":"repeat","background-position":"center center","background-size":"auto","background-attachment":"scroll","background-type":"","background-media":"","overlay-type":"","overlay-color":"","overlay-opacity":"","overlay-gradient":""}},"footnotes":""},"class_list":["post-2156","page","type-page","status-publish","hentry"],"_links":{"self":[{"href":"https:\/\/www.hausreinhild.nl\/de\/wp-json\/wp\/v2\/pages\/2156","targetHints":{"allow":["GET"]}}],"collection":[{"href":"https:\/\/www.hausreinhild.nl\/de\/wp-json\/wp\/v2\/pages"}],"about":[{"href":"https:\/\/www.hausreinhild.nl\/de\/wp-json\/wp\/v2\/types\/page"}],"author":[{"embeddable":true,"href":"https:\/\/www.hausreinhild.nl\/de\/wp-json\/wp\/v2\/users\/4"}],"replies":[{"embeddable":true,"href":"https:\/\/www.hausreinhild.nl\/de\/wp-json\/wp\/v2\/comments?post=2156"}],"version-history":[{"count":0,"href":"https:\/\/www.hausreinhild.nl\/de\/wp-json\/wp\/v2\/pages\/2156\/revisions"}],"wp:attachment":[{"href":"https:\/\/www.hausreinhild.nl\/de\/wp-json\/wp\/v2\/media?parent=2156"}],"curies":[{"name":"wp","href":"https:\/\/api.w.org\/{rel}","templated":true}]}}