{"id":2160,"date":"2020-09-02T19:33:05","date_gmt":"2020-09-02T19:33:05","guid":{"rendered":"https:\/\/www.hausreinhild.nl\/home\/"},"modified":"2025-06-11T14:38:25","modified_gmt":"2025-06-11T14:38:25","slug":"home","status":"publish","type":"page","link":"https:\/\/www.hausreinhild.nl\/de\/","title":{"rendered":"Home"},"content":{"rendered":"\n<h4>\n\t\t\tWilkommen\t<\/h4>\n\t<p>Der Rothaarsteig, der Fernwanderweg von Brilon nach Dillenburg, f\u00fchrt Sie an den sch\u00f6nsten Orten des Sauerlandes entlang. Auf einem der h\u00f6chsten Gipfel des Sauerlandes (705 m hoch) liegt Haus Reinhild in der Mitte des Skigebietes von Winterberg, am Rande des H\u00f6hendorfes Langewiese.<\/p>\n<p>Haus Reinhild hat zwei Wohnungen, im ersten und zweiten Stock. die Sie eventuell gleichzeitig mieten k\u00f6nnen. Sehr geeignet f\u00fcr ein &#8218;Familienwochenende&#8216; Oder f\u00fcr Gruppen von Wanderern, Radfahrern, Mountainbikern und Motorradfahrern.<\/p>\n\t\t\t\t<img decoding=\"async\" data-src=\"https:\/\/www.hausreinhild.nl\/wp-content\/uploads\/2024\/06\/duitlsand.png\" alt=\"\" itemprop=\"image\" height=\"446\" width=\"400\" onerror=\"this.style.display='none'\" src=\"data:image\/svg+xml;base64,PHN2ZyB3aWR0aD0iMSIgaGVpZ2h0PSIxIiB4bWxucz0iaHR0cDovL3d3dy53My5vcmcvMjAwMC9zdmciPjwvc3ZnPg==\" class=\"lazyload\" style=\"--smush-placeholder-width: 400px; --smush-placeholder-aspect-ratio: 400\/446;\" \/>\n\t\t\t\t<img decoding=\"async\" data-src=\"https:\/\/www.hausreinhild.nl\/wp-content\/uploads\/2024\/06\/voorkant2.jpg\" alt=\"\" itemprop=\"image\" height=\"1667\" width=\"2500\" onerror=\"this.style.display='none'\" src=\"data:image\/svg+xml;base64,PHN2ZyB3aWR0aD0iMSIgaGVpZ2h0PSIxIiB4bWxucz0iaHR0cDovL3d3dy53My5vcmcvMjAwMC9zdmciPjwvc3ZnPg==\" class=\"lazyload\" style=\"--smush-placeholder-width: 2500px; --smush-placeholder-aspect-ratio: 2500\/1667;\" \/>\n\t\t\t\t<img decoding=\"async\" data-src=\"https:\/\/www.hausreinhild.nl\/wp-content\/uploads\/2024\/06\/tuin-achterkant.jpg\" alt=\"\" itemprop=\"image\" height=\"1400\" width=\"2100\" onerror=\"this.style.display='none'\" src=\"data:image\/svg+xml;base64,PHN2ZyB3aWR0aD0iMSIgaGVpZ2h0PSIxIiB4bWxucz0iaHR0cDovL3d3dy53My5vcmcvMjAwMC9zdmciPjwvc3ZnPg==\" class=\"lazyload\" style=\"--smush-placeholder-width: 2100px; --smush-placeholder-aspect-ratio: 2100\/1400;\" \/>\n\t<p>Hinter dem Haus befindet sich ein windgesch\u00fctzter Garten mit zwei Gartenh\u00e4uschen und einem Grillplatz. Vor dem Haus schauen Sie kilometerweit \u00fcber die Berge des Hochsauerlandes: eine atemberaubende Aussicht auf das Mittelgebirge!<\/p>\n\t\t\t\t<a href=\"https:\/\/www.hausreinhild.nl\/wp-content\/uploads\/2024\/06\/achterkant-liggend.jpg\"  target=\"_self\" itemprop=\"url\">\n\t\t\t\t<img decoding=\"async\" data-src=\"https:\/\/www.hausreinhild.nl\/wp-content\/uploads\/2024\/06\/achterkant-liggend.jpg\" alt=\"achterkant-liggend\" itemprop=\"image\" height=\"833\" width=\"1250\" title=\"achterkant-liggend\" onerror=\"this.style.display='none'\" src=\"data:image\/svg+xml;base64,PHN2ZyB3aWR0aD0iMSIgaGVpZ2h0PSIxIiB4bWxucz0iaHR0cDovL3d3dy53My5vcmcvMjAwMC9zdmciPjwvc3ZnPg==\" class=\"lazyload\" style=\"--smush-placeholder-width: 1250px; --smush-placeholder-aspect-ratio: 1250\/833;\" \/>\n\t\t\t\t<\/a>\n\t\t\t\t<a href=\"https:\/\/www.hausreinhild.nl\/wp-content\/uploads\/2024\/06\/duikelrek.jpg\"  target=\"_self\" itemprop=\"url\">\n\t\t\t\t<img decoding=\"async\" data-src=\"https:\/\/www.hausreinhild.nl\/wp-content\/uploads\/2024\/06\/duikelrek.jpg\" alt=\"\" itemprop=\"image\" height=\"833\" width=\"1250\" onerror=\"this.style.display='none'\" src=\"data:image\/svg+xml;base64,PHN2ZyB3aWR0aD0iMSIgaGVpZ2h0PSIxIiB4bWxucz0iaHR0cDovL3d3dy53My5vcmcvMjAwMC9zdmciPjwvc3ZnPg==\" class=\"lazyload\" style=\"--smush-placeholder-width: 1250px; --smush-placeholder-aspect-ratio: 1250\/833;\" \/>\n\t\t\t\t<\/a>\n\t\t\t\t<a href=\"https:\/\/www.hausreinhild.nl\/wp-content\/uploads\/2024\/06\/zitje-scaled.jpg\"  target=\"_self\" itemprop=\"url\">\n\t\t\t\t<img decoding=\"async\" data-src=\"https:\/\/www.hausreinhild.nl\/wp-content\/uploads\/2024\/06\/zitje-scaled.jpg\" alt=\"\" itemprop=\"image\" height=\"1707\" width=\"2560\" onerror=\"this.style.display='none'\" src=\"data:image\/svg+xml;base64,PHN2ZyB3aWR0aD0iMSIgaGVpZ2h0PSIxIiB4bWxucz0iaHR0cDovL3d3dy53My5vcmcvMjAwMC9zdmciPjwvc3ZnPg==\" class=\"lazyload\" style=\"--smush-placeholder-width: 2560px; --smush-placeholder-aspect-ratio: 2560\/1707;\" \/>\n\t\t\t\t<\/a>\n\t\t\t\t<a href=\"https:\/\/www.hausreinhild.nl\/wp-content\/uploads\/2024\/06\/balkon-voor.jpg\"  target=\"_self\" itemprop=\"url\">\n\t\t\t\t<img decoding=\"async\" data-src=\"https:\/\/www.hausreinhild.nl\/wp-content\/uploads\/2024\/06\/balkon-voor.jpg\" alt=\"\" itemprop=\"image\" height=\"667\" width=\"1000\" onerror=\"this.style.display='none'\" src=\"data:image\/svg+xml;base64,PHN2ZyB3aWR0aD0iMSIgaGVpZ2h0PSIxIiB4bWxucz0iaHR0cDovL3d3dy53My5vcmcvMjAwMC9zdmciPjwvc3ZnPg==\" class=\"lazyload\" style=\"--smush-placeholder-width: 1000px; --smush-placeholder-aspect-ratio: 1000\/667;\" \/>\n\t\t\t\t<\/a>\n\t\t\t\t<a href=\"https:\/\/www.hausreinhild.nl\/wp-content\/uploads\/2024\/06\/slak-1.jpg\"  target=\"_self\" itemprop=\"url\">\n\t\t\t\t<img decoding=\"async\" data-src=\"https:\/\/www.hausreinhild.nl\/wp-content\/uploads\/2024\/06\/slak-1.jpg\" alt=\"\" itemprop=\"image\" height=\"667\" width=\"1000\" onerror=\"this.style.display='none'\" src=\"data:image\/svg+xml;base64,PHN2ZyB3aWR0aD0iMSIgaGVpZ2h0PSIxIiB4bWxucz0iaHR0cDovL3d3dy53My5vcmcvMjAwMC9zdmciPjwvc3ZnPg==\" class=\"lazyload\" style=\"--smush-placeholder-width: 1000px; --smush-placeholder-aspect-ratio: 1000\/667;\" \/>\n\t\t\t\t<\/a>\n\t\t\t\t<a href=\"https:\/\/www.hausreinhild.nl\/wp-content\/uploads\/2024\/03\/langewiese1.jpg\"  target=\"_self\" itemprop=\"url\">\n\t\t\t\t<img decoding=\"async\" data-src=\"https:\/\/www.hausreinhild.nl\/wp-content\/uploads\/2024\/03\/langewiese1.jpg\" alt=\"langewiese1\" itemprop=\"image\" height=\"889\" width=\"1185\" title=\"langewiese1\" onerror=\"this.style.display='none'\" src=\"data:image\/svg+xml;base64,PHN2ZyB3aWR0aD0iMSIgaGVpZ2h0PSIxIiB4bWxucz0iaHR0cDovL3d3dy53My5vcmcvMjAwMC9zdmciPjwvc3ZnPg==\" class=\"lazyload\" style=\"--smush-placeholder-width: 1185px; --smush-placeholder-aspect-ratio: 1185\/889;\" \/>\n\t\t\t\t<\/a>\n\t<p>Ab Haus Reinhild wandern Sie direkt in die W\u00e4lder hinein. Im Winter k\u00f6nnen Sie vor der T\u00fcr die Loipe w\u00e4hlen, oder Sie fahren Ski im Skigebiet &#8222;Postwiese&#8220; mit 17 Abfahrten und 9 Skilifts.<\/p>\n\t\t\t\t<img decoding=\"async\" data-src=\"https:\/\/www.hausreinhild.nl\/wp-content\/uploads\/2024\/09\/20230128_110213-scaled.jpg\" alt=\"\" itemprop=\"image\" height=\"1920\" width=\"2560\" onerror=\"this.style.display='none'\" src=\"data:image\/svg+xml;base64,PHN2ZyB3aWR0aD0iMSIgaGVpZ2h0PSIxIiB4bWxucz0iaHR0cDovL3d3dy53My5vcmcvMjAwMC9zdmciPjwvc3ZnPg==\" class=\"lazyload\" style=\"--smush-placeholder-width: 2560px; --smush-placeholder-aspect-ratio: 2560\/1920;\" \/>\n\t<p>Anneke van Ginkel<\/p>\n<p>&#8222;Ich bin Ihre Kontaktperson. Willkommen im gastfreundlichen Haus Reinhild.&#8220;<\/p>\n\t\t\t\t<img decoding=\"async\" data-src=\"https:\/\/www.hausreinhild.nl\/wp-content\/uploads\/2025\/06\/Anneke-van-Ginkel-juni-2025.png\" alt=\"Anneke van Ginkel juni 2025\" itemprop=\"image\" height=\"1185\" width=\"1185\" title=\"Anneke van Ginkel juni 2025\" onerror=\"this.style.display='none'\" src=\"data:image\/svg+xml;base64,PHN2ZyB3aWR0aD0iMSIgaGVpZ2h0PSIxIiB4bWxucz0iaHR0cDovL3d3dy53My5vcmcvMjAwMC9zdmciPjwvc3ZnPg==\" class=\"lazyload\" style=\"--smush-placeholder-width: 1185px; --smush-placeholder-aspect-ratio: 1185\/1185;\" \/>\n\t<iframe src=\"https:\/\/www.google.com\/maps\/embed\/v1\/place?q=Grenzweg+10%0A59955+Winterberg%0ALangewiese+Duitsland&#038;key=AIzaSyD09zQ9PNDNNy9TadMuzRV_UsPUoWKntt8\" aria-hidden=\"true\"><\/iframe>\n\n","protected":false},"excerpt":{"rendered":"<p>Wilkommen Der Rothaarsteig, der Fernwanderweg von Brilon nach Dillenburg, f\u00fchrt Sie an den sch\u00f6nsten Orten des Sauerlandes entlang. Auf einem der h\u00f6chsten Gipfel des Sauerlandes (705 m hoch) liegt Haus Reinhild in der Mitte des Skigebietes von Winterberg, am Rande des H\u00f6hendorfes Langewiese. Haus Reinhild hat zwei Wohnungen, im ersten und zweiten Stock. die Sie [&hellip;]<\/p>\n","protected":false},"author":1,"featured_media":2256,"parent":0,"menu_order":0,"comment_status":"closed","ping_status":"closed","template":"","meta":{"site-sidebar-layout":"default","site-content-layout":"default","ast-site-content-layout":"normal-width-container","site-content-style":"default","site-sidebar-style":"default","ast-global-header-display":"","ast-banner-title-visibility":"","ast-main-header-display":"","ast-hfb-above-header-display":"","ast-hfb-below-header-display":"","ast-hfb-mobile-header-display":"","site-post-title":"disabled","ast-breadcrumbs-content":"","ast-featured-img":"","footer-sml-layout":"","ast-disable-related-posts":"","theme-transparent-header-meta":"default","adv-header-id-meta":"","stick-header-meta":"","header-above-stick-meta":"","header-main-stick-meta":"","header-below-stick-meta":"","astra-migrate-meta-layouts":"set","ast-page-background-enabled":"default","ast-page-background-meta":{"desktop":{"background-color":"","background-image":"","background-repeat":"repeat","background-position":"center center","background-size":"auto","background-attachment":"scroll","background-type":"","background-media":"","overlay-type":"","overlay-color":"","overlay-opacity":"","overlay-gradient":""},"tablet":{"background-color":"","background-image":"","background-repeat":"repeat","background-position":"center center","background-size":"auto","background-attachment":"scroll","background-type":"","background-media":"","overlay-type":"","overlay-color":"","overlay-opacity":"","overlay-gradient":""},"mobile":{"background-color":"","background-image":"","background-repeat":"repeat","background-position":"center center","background-size":"auto","background-attachment":"scroll","background-type":"","background-media":"","overlay-type":"","overlay-color":"","overlay-opacity":"","overlay-gradient":""}},"ast-content-background-meta":{"desktop":{"background-color":"var(--ast-global-color-5)","background-image":"","background-repeat":"repeat","background-position":"center center","background-size":"auto","background-attachment":"scroll","background-type":"","background-media":"","overlay-type":"","overlay-color":"","overlay-opacity":"","overlay-gradient":""},"tablet":{"background-color":"var(--ast-global-color-5)","background-image":"","background-repeat":"repeat","background-position":"center center","background-size":"auto","background-attachment":"scroll","background-type":"","background-media":"","overlay-type":"","overlay-color":"","overlay-opacity":"","overlay-gradient":""},"mobile":{"background-color":"var(--ast-global-color-5)","background-image":"","background-repeat":"repeat","background-position":"center center","background-size":"auto","background-attachment":"scroll","background-type":"","background-media":"","overlay-type":"","overlay-color":"","overlay-opacity":"","overlay-gradient":""}},"footnotes":""},"class_list":["post-2160","page","type-page","status-publish","has-post-thumbnail","hentry"],"_links":{"self":[{"href":"https:\/\/www.hausreinhild.nl\/de\/wp-json\/wp\/v2\/pages\/2160","targetHints":{"allow":["GET"]}}],"collection":[{"href":"https:\/\/www.hausreinhild.nl\/de\/wp-json\/wp\/v2\/pages"}],"about":[{"href":"https:\/\/www.hausreinhild.nl\/de\/wp-json\/wp\/v2\/types\/page"}],"author":[{"embeddable":true,"href":"https:\/\/www.hausreinhild.nl\/de\/wp-json\/wp\/v2\/users\/1"}],"replies":[{"embeddable":true,"href":"https:\/\/www.hausreinhild.nl\/de\/wp-json\/wp\/v2\/comments?post=2160"}],"version-history":[{"count":0,"href":"https:\/\/www.hausreinhild.nl\/de\/wp-json\/wp\/v2\/pages\/2160\/revisions"}],"wp:featuredmedia":[{"embeddable":true,"href":"https:\/\/www.hausreinhild.nl\/de\/wp-json\/wp\/v2\/media\/2256"}],"wp:attachment":[{"href":"https:\/\/www.hausreinhild.nl\/de\/wp-json\/wp\/v2\/media?parent=2160"}],"curies":[{"name":"wp","href":"https:\/\/api.w.org\/{rel}","templated":true}]}}