{"id":2164,"date":"2024-04-04T09:11:37","date_gmt":"2024-04-04T09:11:37","guid":{"rendered":"https:\/\/www.hausreinhild.nl\/preise\/"},"modified":"2025-06-19T14:03:39","modified_gmt":"2025-06-19T14:03:39","slug":"preise","status":"publish","type":"page","link":"https:\/\/www.hausreinhild.nl\/de\/preise\/","title":{"rendered":"Preise"},"content":{"rendered":"\n<h4>\n\t\t\tPreise\t<\/h4>\n\t<p>Appartement Himmelhoch (2-4 personen)<\/p>\n\t<p><\/p>\n<figure>\n<table>\n<tbody>\n<tr>\n<td>pro Nacht 2 Personen*<\/td>\n<td>\u20ac 95<\/td>\n<\/tr>\n<tr>\n<td>Endreinigung<\/td>\n<td>\u20ac 65<\/td>\n<\/tr>\n<tr>\n<td>Jede weitere Person<\/td>\n<td>\u20ac 15<\/td>\n<\/tr>\n<\/tbody>\n<\/table>\n<\/figure>\n<p><\/p>\n\t<p>Appartement Mittendrin (4-7 personen)<\/p>\n\t<p><\/p>\n<figure>\n<table>\n<tbody>\n<tr>\n<td>\npro Nacht 4 Personen*\n<\/td>\n<td>\n\u20ac 135\n<\/td>\n<\/tr>\n<tr>\n<td>\nEndreinigung\n<\/td>\n<td>\n\u20ac 75\n<\/td>\n<\/tr>\n<tr>\n<td>\nJede weitere Person\n<\/td>\n<td>\n\u20ac 15\n<\/td>\n<\/tr>\n<\/tbody>\n<\/table>\n<\/figure>\n\t<p>*inklusive Bettw\u00e4sche und Kurtaxe<\/p>\n\t<p>F\u00fcr beide Wohnungen gilt:<\/p>\n<ul>\n<li>minimal 2 \u00dcbernachtungen<\/li>\n<li>In den Schulferien sind die Wohnungen nur am Wochenende, von Montag bis Freitag (5 Tage also) oder Wochenweise zu vermieten.<\/li>\n<li>Bettw\u00e4sche und Endreinigung verpflichtend<\/li>\n<li>Haus Reinhild ist ein Nichtraucher-Haus<\/li>\n<\/ul>\n\t\t\t<a href=\"https:\/\/www.hausreinhild.nl\/de\/verfuegbarkeit\/\" title=\"Click Here\" target=\"_self\"   role=\"button\" aria-label=\"Verf\u00fcgbarkeit\">\n\t\t\t\t\t\t\tVerf\u00fcgbarkeit\n\t\t<\/a>\n\t<iframe src=\"https:\/\/www.google.com\/maps\/embed\/v1\/place?q=Grenzweg+10%0A59955+Winterberg%0ALangewiese+Duitsland&#038;key=AIzaSyD09zQ9PNDNNy9TadMuzRV_UsPUoWKntt8\" aria-hidden=\"true\"><\/iframe>\n<h1>\n\t\t\tKontakt\t<\/h1>\n\t<p>F\u00fcr weitere Informationen nehmen Sie bitte Kontakt mit uns auf:<\/p>\n<strong>Anneke van Ginkel<br \/>\n<\/strong>Ruf <a href=\"tel:+31546575661\">0546 575661<\/a><br \/>\nHandy <a href=\"tel:+31646594559\">06 46594559<\/a><br \/>\nE-mail <a href=\"mailto:hausreinhild@gmail.com\">hausreinhild@gmail.com<\/a>\n\n","protected":false},"excerpt":{"rendered":"<p>Preise Appartement Himmelhoch (2-4 personen) pro Nacht 2 Personen* \u20ac 95 Endreinigung \u20ac 65 Jede weitere Person \u20ac 15 Appartement Mittendrin (4-7 personen) pro Nacht 4 Personen* \u20ac 135 Endreinigung \u20ac 75 Jede weitere Person \u20ac 15 *inklusive Bettw\u00e4sche und Kurtaxe F\u00fcr beide Wohnungen gilt: minimal 2 \u00dcbernachtungen In den Schulferien sind die Wohnungen nur [&hellip;]<\/p>\n","protected":false},"author":4,"featured_media":0,"parent":0,"menu_order":0,"comment_status":"closed","ping_status":"closed","template":"","meta":{"site-sidebar-layout":"default","site-content-layout":"default","ast-site-content-layout":"default","site-content-style":"default","site-sidebar-style":"default","ast-global-header-display":"","ast-banner-title-visibility":"","ast-main-header-display":"","ast-hfb-above-header-display":"","ast-hfb-below-header-display":"","ast-hfb-mobile-header-display":"","site-post-title":"disabled","ast-breadcrumbs-content":"","ast-featured-img":"","footer-sml-layout":"","ast-disable-related-posts":"","theme-transparent-header-meta":"default","adv-header-id-meta":"","stick-header-meta":"","header-above-stick-meta":"","header-main-stick-meta":"","header-below-stick-meta":"","astra-migrate-meta-layouts":"default","ast-page-background-enabled":"default","ast-page-background-meta":{"desktop":{"background-color":"","background-image":"","background-repeat":"repeat","background-position":"center center","background-size":"auto","background-attachment":"scroll","background-type":"","background-media":"","overlay-type":"","overlay-color":"","overlay-opacity":"","overlay-gradient":""},"tablet":{"background-color":"","background-image":"","background-repeat":"repeat","background-position":"center center","background-size":"auto","background-attachment":"scroll","background-type":"","background-media":"","overlay-type":"","overlay-color":"","overlay-opacity":"","overlay-gradient":""},"mobile":{"background-color":"","background-image":"","background-repeat":"repeat","background-position":"center center","background-size":"auto","background-attachment":"scroll","background-type":"","background-media":"","overlay-type":"","overlay-color":"","overlay-opacity":"","overlay-gradient":""}},"ast-content-background-meta":{"desktop":{"background-color":"var(--ast-global-color-5)","background-image":"","background-repeat":"repeat","background-position":"center center","background-size":"auto","background-attachment":"scroll","background-type":"","background-media":"","overlay-type":"","overlay-color":"","overlay-opacity":"","overlay-gradient":""},"tablet":{"background-color":"var(--ast-global-color-5)","background-image":"","background-repeat":"repeat","background-position":"center center","background-size":"auto","background-attachment":"scroll","background-type":"","background-media":"","overlay-type":"","overlay-color":"","overlay-opacity":"","overlay-gradient":""},"mobile":{"background-color":"var(--ast-global-color-5)","background-image":"","background-repeat":"repeat","background-position":"center center","background-size":"auto","background-attachment":"scroll","background-type":"","background-media":"","overlay-type":"","overlay-color":"","overlay-opacity":"","overlay-gradient":""}},"footnotes":""},"class_list":["post-2164","page","type-page","status-publish","hentry"],"_links":{"self":[{"href":"https:\/\/www.hausreinhild.nl\/de\/wp-json\/wp\/v2\/pages\/2164","targetHints":{"allow":["GET"]}}],"collection":[{"href":"https:\/\/www.hausreinhild.nl\/de\/wp-json\/wp\/v2\/pages"}],"about":[{"href":"https:\/\/www.hausreinhild.nl\/de\/wp-json\/wp\/v2\/types\/page"}],"author":[{"embeddable":true,"href":"https:\/\/www.hausreinhild.nl\/de\/wp-json\/wp\/v2\/users\/4"}],"replies":[{"embeddable":true,"href":"https:\/\/www.hausreinhild.nl\/de\/wp-json\/wp\/v2\/comments?post=2164"}],"version-history":[{"count":0,"href":"https:\/\/www.hausreinhild.nl\/de\/wp-json\/wp\/v2\/pages\/2164\/revisions"}],"wp:attachment":[{"href":"https:\/\/www.hausreinhild.nl\/de\/wp-json\/wp\/v2\/media?parent=2164"}],"curies":[{"name":"wp","href":"https:\/\/api.w.org\/{rel}","templated":true}]}}