{"id":2172,"date":"2024-03-12T13:47:29","date_gmt":"2024-03-12T13:47:29","guid":{"rendered":"https:\/\/www.hausreinhild.nl\/umgebung\/"},"modified":"2025-06-19T14:04:48","modified_gmt":"2025-06-19T14:04:48","slug":"umgebung","status":"publish","type":"page","link":"https:\/\/www.hausreinhild.nl\/de\/umgebung\/","title":{"rendered":"Umgebung"},"content":{"rendered":"\n<h4>\n\t\t\tUmgebung\t<\/h4>\n\t<p>Langewiese (<a href=\"https:\/\/www.langewiese.de\">www.langewiese.de<\/a>) ist eines der vier &#8222;H\u00f6hend\u00f6rfer&#8220; der Stadt Winterberg. Die anderen drei D\u00f6rfer sind Altastenberg, Neuastenberg und Hoheleye, die sich alle auf den Seiten des Kahlen Astens befinden, der mit 841 m. H\u00f6he der Gipfel des Sauerlandes ist.  <\/p>\n\t\t\t\t<a href=\"https:\/\/www.hausreinhild.nl\/wp-content\/uploads\/2024\/06\/langewiese1.jpg\"  target=\"_self\" itemprop=\"url\">\n\t\t\t\t<img decoding=\"async\" data-src=\"https:\/\/www.hausreinhild.nl\/wp-content\/uploads\/2024\/06\/langewiese1.jpg\" alt=\"langewiese1\" itemprop=\"image\" height=\"1333\" width=\"2000\" title=\"langewiese1\" onerror=\"this.style.display='none'\" src=\"data:image\/svg+xml;base64,PHN2ZyB3aWR0aD0iMSIgaGVpZ2h0PSIxIiB4bWxucz0iaHR0cDovL3d3dy53My5vcmcvMjAwMC9zdmciPjwvc3ZnPg==\" class=\"lazyload\" style=\"--smush-placeholder-width: 2000px; --smush-placeholder-aspect-ratio: 2000\/1333;\" \/>\n\t\t\t\t<\/a>\n\t\t\t\t<a href=\"https:\/\/www.hausreinhild.nl\/wp-content\/uploads\/2024\/06\/verkeersbureau.jpg\"  target=\"_self\" itemprop=\"url\">\n\t\t\t\t<img decoding=\"async\" data-src=\"https:\/\/www.hausreinhild.nl\/wp-content\/uploads\/2024\/06\/verkeersbureau.jpg\" alt=\"\" itemprop=\"image\" height=\"667\" width=\"1000\" onerror=\"this.style.display='none'\" src=\"data:image\/svg+xml;base64,PHN2ZyB3aWR0aD0iMSIgaGVpZ2h0PSIxIiB4bWxucz0iaHR0cDovL3d3dy53My5vcmcvMjAwMC9zdmciPjwvc3ZnPg==\" class=\"lazyload\" style=\"--smush-placeholder-width: 1000px; --smush-placeholder-aspect-ratio: 1000\/667;\" \/>\n\t\t\t\t<\/a>\n\t<p>Langewiese hat eine eigene Skipiste mit drei Lifts (www.hoehenhang.de), nur einige hundert Meter vom Haus Reinhild entfernt. Im Dorf selbst befinden sich mehrere Gastst\u00e4tten, wo man hervorragend essen kann. Die B\u00e4ckerei Gerke, etwa 200 m vom Haus Reinhild, liefert Ihnen jeden Tag frische Br\u00f6tchen und in ihrem kleinen Supermarkt finden Sie alles, was Sie f\u00fcr die t\u00e4gliche Nahrung brauchen. Im Dorf befindet sich auch eine Autoreparatur- Werkstatt mit Tankstelle. Wenn Sie von der B\u00e4ckerei Gerke die Bundesstra\u00dfe \u00fcberqueren, finden Sie am Alten Weg nach 50 m einen Fu\u00dfballplatz und einen Kinderspielplatz, die beide frei zug\u00e4nglich sind. Weiter hat Langeweise eine Katholische Kapelle und eine Evangelisch-Lutherische Kirche, wo jede zweite Woche ein Gottesdienst gehalten wird.     <\/p>\n\t\t\t\t<a href=\"https:\/\/www.hausreinhild.nl\/wp-content\/uploads\/2024\/06\/bakkerij.jpeg\"  target=\"_self\" itemprop=\"url\">\n\t\t\t\t<img decoding=\"async\" data-src=\"https:\/\/www.hausreinhild.nl\/wp-content\/uploads\/2024\/06\/bakkerij.jpeg\" alt=\"bakkerij\" itemprop=\"image\" height=\"675\" width=\"1200\" title=\"bakkerij\" onerror=\"this.style.display='none'\" src=\"data:image\/svg+xml;base64,PHN2ZyB3aWR0aD0iMSIgaGVpZ2h0PSIxIiB4bWxucz0iaHR0cDovL3d3dy53My5vcmcvMjAwMC9zdmciPjwvc3ZnPg==\" class=\"lazyload\" style=\"--smush-placeholder-width: 1200px; --smush-placeholder-aspect-ratio: 1200\/675;\" \/>\n\t\t\t\t<\/a>\n\t\t\t\t<a href=\"https:\/\/www.hausreinhild.nl\/wp-content\/uploads\/2024\/06\/langewiese2.jpg\"  target=\"_self\" itemprop=\"url\">\n\t\t\t\t<img decoding=\"async\" data-src=\"https:\/\/www.hausreinhild.nl\/wp-content\/uploads\/2024\/06\/langewiese2.jpg\" alt=\"langewiese2\" itemprop=\"image\" height=\"1333\" width=\"2000\" title=\"langewiese2\" onerror=\"this.style.display='none'\" src=\"data:image\/svg+xml;base64,PHN2ZyB3aWR0aD0iMSIgaGVpZ2h0PSIxIiB4bWxucz0iaHR0cDovL3d3dy53My5vcmcvMjAwMC9zdmciPjwvc3ZnPg==\" class=\"lazyload\" style=\"--smush-placeholder-width: 2000px; --smush-placeholder-aspect-ratio: 2000\/1333;\" \/>\n\t\t\t\t<\/a>\n<h4>Winterberg<\/h4>\n Winterberg ist das gesuchteste Wintersportzentrum im Hochsauerland. Obwohl die Stadt verh\u00e4ltnism\u00e4\u00dfig klein ist, gibt es hier viele L\u00e4den und Gesch\u00e4fte, wo man seine Eink\u00e4ufe machen kann und viele M\u00f6glichkeiten zum Ausgehen hat. (<a href=\"http:\/\/www.winterberg.de\/\" target=\"_blank\" rel=\"noopener\">www.winterberg.de<\/a>). Ab Haus Reinhild sind es zehn Autominuten nach Winterberg.   \n\t\t\t\t<a href=\"https:\/\/www.hausreinhild.nl\/wp-content\/uploads\/2024\/06\/winter.jpg\"  target=\"_self\" itemprop=\"url\">\n\t\t\t\t<img decoding=\"async\" data-src=\"https:\/\/www.hausreinhild.nl\/wp-content\/uploads\/2024\/06\/winter.jpg\" alt=\"Winter landscape, Schmallenberg, Sauerland, Germany\" itemprop=\"image\" height=\"469\" width=\"750\" title=\"Winter landscape, Schmallenberg, Sauerland, Germany\" onerror=\"this.style.display='none'\" src=\"data:image\/svg+xml;base64,PHN2ZyB3aWR0aD0iMSIgaGVpZ2h0PSIxIiB4bWxucz0iaHR0cDovL3d3dy53My5vcmcvMjAwMC9zdmciPjwvc3ZnPg==\" class=\"lazyload\" style=\"--smush-placeholder-width: 750px; --smush-placeholder-aspect-ratio: 750\/469;\" \/>\n\t\t\t\t<\/a>\n\t\t\t\t<a href=\"https:\/\/www.hausreinhild.nl\/wp-content\/uploads\/2024\/06\/winterberg.jpg\"  target=\"_self\" itemprop=\"url\">\n\t\t\t\t<img decoding=\"async\" data-src=\"https:\/\/www.hausreinhild.nl\/wp-content\/uploads\/2024\/06\/winterberg.jpg\" alt=\"winterberg\" itemprop=\"image\" height=\"681\" width=\"2000\" title=\"winterberg\" onerror=\"this.style.display='none'\" src=\"data:image\/svg+xml;base64,PHN2ZyB3aWR0aD0iMSIgaGVpZ2h0PSIxIiB4bWxucz0iaHR0cDovL3d3dy53My5vcmcvMjAwMC9zdmciPjwvc3ZnPg==\" class=\"lazyload\" style=\"--smush-placeholder-width: 2000px; --smush-placeholder-aspect-ratio: 2000\/681;\" \/>\n\t\t\t\t<\/a>\n<h4>Andere St\u00e4dte<\/h4>\n Echt gro\u00dfe St\u00e4dte findet man im Sauerland nicht, um so mehr kleinere, gem\u00fctliche St\u00e4dtchen wie Schmallenberg, Bad Berleburg, Meschede, Korbach, Arnsberg, Olsberg und Brilon. Gr\u00f6\u00dfere St\u00e4dte, die innerhalb einer Autostunde zu erreichen sind: Marburg, Siegen, Soest und Dortmund. Kassel ist ungef\u00e4hr anderthalb Stunde von Haus Reinhild entfernt.    \n\t\t\t\t<img decoding=\"async\" data-src=\"https:\/\/www.hausreinhild.nl\/wp-content\/uploads\/2024\/06\/arnsberg-1.jpg\" alt=\"arnsberg\" itemprop=\"image\" height=\"1563\" width=\"2500\" title=\"arnsberg\" onerror=\"this.style.display='none'\" src=\"data:image\/svg+xml;base64,PHN2ZyB3aWR0aD0iMSIgaGVpZ2h0PSIxIiB4bWxucz0iaHR0cDovL3d3dy53My5vcmcvMjAwMC9zdmciPjwvc3ZnPg==\" class=\"lazyload\" style=\"--smush-placeholder-width: 2500px; --smush-placeholder-aspect-ratio: 2500\/1563;\" \/>\n\t\t\t\t<img decoding=\"async\" data-src=\"https:\/\/www.hausreinhild.nl\/wp-content\/uploads\/2024\/06\/siegen.jpg\" alt=\"siegen\" itemprop=\"image\" height=\"571\" width=\"800\" title=\"siegen\" onerror=\"this.style.display='none'\" src=\"data:image\/svg+xml;base64,PHN2ZyB3aWR0aD0iMSIgaGVpZ2h0PSIxIiB4bWxucz0iaHR0cDovL3d3dy53My5vcmcvMjAwMC9zdmciPjwvc3ZnPg==\" class=\"lazyload\" style=\"--smush-placeholder-width: 800px; --smush-placeholder-aspect-ratio: 800\/571;\" \/>\n\t\t\t\t<img decoding=\"async\" data-src=\"https:\/\/www.hausreinhild.nl\/wp-content\/uploads\/2024\/06\/anderesteden_5.jpg\" alt=\"anderesteden_5\" itemprop=\"image\" height=\"632\" width=\"979\" title=\"anderesteden_5\" onerror=\"this.style.display='none'\" src=\"data:image\/svg+xml;base64,PHN2ZyB3aWR0aD0iMSIgaGVpZ2h0PSIxIiB4bWxucz0iaHR0cDovL3d3dy53My5vcmcvMjAwMC9zdmciPjwvc3ZnPg==\" class=\"lazyload\" style=\"--smush-placeholder-width: 979px; --smush-placeholder-aspect-ratio: 979\/632;\" \/>\n\t\t\t\t<img decoding=\"async\" data-src=\"https:\/\/www.hausreinhild.nl\/wp-content\/uploads\/2024\/06\/anderesteden_2.jpg\" alt=\"anderesteden_2\" itemprop=\"image\" height=\"790\" width=\"1185\" title=\"anderesteden_2\" onerror=\"this.style.display='none'\" src=\"data:image\/svg+xml;base64,PHN2ZyB3aWR0aD0iMSIgaGVpZ2h0PSIxIiB4bWxucz0iaHR0cDovL3d3dy53My5vcmcvMjAwMC9zdmciPjwvc3ZnPg==\" class=\"lazyload\" style=\"--smush-placeholder-width: 1185px; --smush-placeholder-aspect-ratio: 1185\/790;\" \/>\n\t\t\t\t<img decoding=\"async\" data-src=\"https:\/\/www.hausreinhild.nl\/wp-content\/uploads\/2024\/06\/marburg.jpg\" alt=\"\" itemprop=\"image\" height=\"495\" width=\"750\" onerror=\"this.style.display='none'\" src=\"data:image\/svg+xml;base64,PHN2ZyB3aWR0aD0iMSIgaGVpZ2h0PSIxIiB4bWxucz0iaHR0cDovL3d3dy53My5vcmcvMjAwMC9zdmciPjwvc3ZnPg==\" class=\"lazyload\" style=\"--smush-placeholder-width: 750px; --smush-placeholder-aspect-ratio: 750\/495;\" \/>\n\t\t\t\t<img decoding=\"async\" data-src=\"https:\/\/www.hausreinhild.nl\/wp-content\/uploads\/2024\/06\/anderesteden_1-1.jpg\" alt=\"anderesteden_1\" itemprop=\"image\" height=\"790\" width=\"1185\" title=\"anderesteden_1\" onerror=\"this.style.display='none'\" src=\"data:image\/svg+xml;base64,PHN2ZyB3aWR0aD0iMSIgaGVpZ2h0PSIxIiB4bWxucz0iaHR0cDovL3d3dy53My5vcmcvMjAwMC9zdmciPjwvc3ZnPg==\" class=\"lazyload\" style=\"--smush-placeholder-width: 1185px; --smush-placeholder-aspect-ratio: 1185\/790;\" \/>\n\t<p>Ebenfalls einen Besuch wert: Die alte Barockstadt Bad Arolsen. In der Burg ist K\u00f6niging-Regentin Emma geboren.<\/p>\n<h1>\n\t\t\tInteressante Hinweise\t<\/h1>\n<p><a href=\"http:\/\/www.rothaarsteig.de\/\" target=\"_blank\" rel=\"noopener\">Rothaarsteig<\/a><a href=\"http:\/\/www.langewiese.de\/kahler_asten.html\" target=\"_blank\" rel=\"noopener\">Kahler Asten<\/a><a href=\"http:\/\/www.hochsauerland-hoehenstrasse.de\/\" target=\"_blank\" rel=\"noopener\">Hochsauerland H\u00f6henstra\u00dfe<\/a><a href=\"http:\/\/www.neuastenberg.de\/museum.html\" target=\"_blank\" rel=\"noopener\">Wintersportmuseum Neuastenberg<\/a><a href=\"http:\/\/www.veltins-eisarena.de\/\" target=\"_blank\" rel=\"noopener\">Bob- und Rodelbahn Winterberg<\/a><a href=\"http:\/\/www.erlebnisbergkappe.de\/de\/panorama-erlebnis-bruecke\/panorama-erlebnis-bruecke.php\" target=\"_blank\" rel=\"noopener\">Panorama-Erlebnisbr\u00fccke Winterberg<\/a><a href=\"http:\/\/www.bike-arena.de\/\" target=\"_blank\" rel=\"noopener\">Bike-Arena<\/a><\/p>\n<p><a href=\"http:\/\/www.bikepark-winterberg.de\/de\/\" target=\"_blank\" rel=\"noopener\">Bikepark Winterberg<\/a><a href=\"https:\/\/www.veltins-eisarena.de\" target=\"_blank\" rel=\"noopener\">Eissporthalle Winterberg<\/a><a href=\"http:\/\/www.erlebnisberg-sternrodt.de\/\">Sternrodt-Rodelbahn in Bruchhausen<\/a><a href=\"http:\/\/fortfun.de\/\" target=\"_blank\" rel=\"noopener\">Fort-Fun Freizeitpark<\/a><a href=\"http:\/\/www.panoramapark.de\/\" target=\"_blank\" rel=\"noopener\">Panoramapark<\/a><a href=\"http:\/\/www.drehkoite.de\/\" target=\"_blank\" rel=\"noopener\">Heimatmuseum &#8222;Drehkoite&#8220;<\/a><a href=\"http:\/\/www.freilichtbuehne-hallenberg.de\/\" target=\"_blank\" rel=\"noopener\">Freilichtb\u00fchne Hallenberg<\/a><a href=\"http:\/\/elspe.de\/\" target=\"_blank\" rel=\"noopener\">Karl-May-Festspiele Elspe<\/a><\/p>\n\t<p><a href=\"http:\/\/hoffe.de\/index.php\" target=\"_blank\" rel=\"noopener\">Kartbahn Neuastenberg<\/a><a href=\"http:\/\/www.kartbahn-winterberg.de\/\" target=\"_blank\" rel=\"noopener\">Kartbahn Winterberg<\/a><a href=\"http:\/\/sauerland-bad.de\/\" target=\"_blank\" rel=\"noopener\">Sauerlandbad in Fredeburg<\/a><a href=\"http:\/\/www.stollen-nordenau.de\/stollen\/der-heilstollen\/index.php\" target=\"_blank\" rel=\"noopener\">Schieferheilstollen Nordenau<\/a><a href=\"https:\/\/www.sauerlaender-besucherbergwerk.de\" target=\"_blank\" rel=\"noopener\">Erzbergwerk in Ramsbeck<\/a><a href=\"http:\/\/www.atta-hoehle.de\/index.php?id=3\" target=\"_blank\" rel=\"noopener\">Tropfsteinh\u00f6hle Attendorn<\/a><\/p>\n\t<iframe data-src=\"https:\/\/www.google.com\/maps\/embed\/v1\/place?q=Grenzweg+10+59955+Winterberg+Langewiese+Duitsland&#038;key=AIzaSyD09zQ9PNDNNy9TadMuzRV_UsPUoWKntt8\" aria-hidden=\"true\" src=\"data:image\/svg+xml;base64,PHN2ZyB3aWR0aD0iMSIgaGVpZ2h0PSIxIiB4bWxucz0iaHR0cDovL3d3dy53My5vcmcvMjAwMC9zdmciPjwvc3ZnPg==\" class=\"lazyload\" data-load-mode=\"1\"><\/iframe>\n<h1>\n\t\t\tKontakt\t<\/h1>\n\t<p>Wenn Sie weitere Informationen w\u00fcnschen, wenden Sie sich bitte an die unten stehenden Kontaktdaten:<\/p>\n<p><strong>Anneke van Ginkel<\/strong><\/p>\n<p>Ruf <a href=\"tel:+31546575661\">0546 575661<\/a><\/p>\n<p>Handy <a href=\"tel:+31646594559\">06 46594559<\/a><\/p>\n<p>E-mail <a href=\"mailto:hausreinhild@gmail.com\">hausreinhild@gmail.com<\/a><\/p>\n\n","protected":false},"excerpt":{"rendered":"<p>Umgebung Langewiese (www.langewiese.de) ist eines der vier &#8222;H\u00f6hend\u00f6rfer&#8220; der Stadt Winterberg. Die anderen drei D\u00f6rfer sind Altastenberg, Neuastenberg und Hoheleye, die sich alle auf den Seiten des Kahlen Astens befinden, der mit 841 m. H\u00f6he der Gipfel des Sauerlandes ist. Langewiese hat eine eigene Skipiste mit drei Lifts (www.hoehenhang.de), nur einige hundert Meter vom Haus [&hellip;]<\/p>\n","protected":false},"author":4,"featured_media":0,"parent":0,"menu_order":0,"comment_status":"closed","ping_status":"closed","template":"","meta":{"site-sidebar-layout":"default","site-content-layout":"default","ast-site-content-layout":"default","site-content-style":"default","site-sidebar-style":"default","ast-global-header-display":"","ast-banner-title-visibility":"","ast-main-header-display":"","ast-hfb-above-header-display":"","ast-hfb-below-header-display":"","ast-hfb-mobile-header-display":"","site-post-title":"disabled","ast-breadcrumbs-content":"","ast-featured-img":"","footer-sml-layout":"","ast-disable-related-posts":"","theme-transparent-header-meta":"default","adv-header-id-meta":"","stick-header-meta":"","header-above-stick-meta":"","header-main-stick-meta":"","header-below-stick-meta":"","astra-migrate-meta-layouts":"default","ast-page-background-enabled":"default","ast-page-background-meta":{"desktop":{"background-color":"","background-image":"","background-repeat":"repeat","background-position":"center center","background-size":"auto","background-attachment":"scroll","background-type":"","background-media":"","overlay-type":"","overlay-color":"","overlay-opacity":"","overlay-gradient":""},"tablet":{"background-color":"","background-image":"","background-repeat":"repeat","background-position":"center center","background-size":"auto","background-attachment":"scroll","background-type":"","background-media":"","overlay-type":"","overlay-color":"","overlay-opacity":"","overlay-gradient":""},"mobile":{"background-color":"","background-image":"","background-repeat":"repeat","background-position":"center center","background-size":"auto","background-attachment":"scroll","background-type":"","background-media":"","overlay-type":"","overlay-color":"","overlay-opacity":"","overlay-gradient":""}},"ast-content-background-meta":{"desktop":{"background-color":"var(--ast-global-color-5)","background-image":"","background-repeat":"repeat","background-position":"center center","background-size":"auto","background-attachment":"scroll","background-type":"","background-media":"","overlay-type":"","overlay-color":"","overlay-opacity":"","overlay-gradient":""},"tablet":{"background-color":"var(--ast-global-color-5)","background-image":"","background-repeat":"repeat","background-position":"center center","background-size":"auto","background-attachment":"scroll","background-type":"","background-media":"","overlay-type":"","overlay-color":"","overlay-opacity":"","overlay-gradient":""},"mobile":{"background-color":"var(--ast-global-color-5)","background-image":"","background-repeat":"repeat","background-position":"center center","background-size":"auto","background-attachment":"scroll","background-type":"","background-media":"","overlay-type":"","overlay-color":"","overlay-opacity":"","overlay-gradient":""}},"footnotes":""},"class_list":["post-2172","page","type-page","status-publish","hentry"],"_links":{"self":[{"href":"https:\/\/www.hausreinhild.nl\/de\/wp-json\/wp\/v2\/pages\/2172","targetHints":{"allow":["GET"]}}],"collection":[{"href":"https:\/\/www.hausreinhild.nl\/de\/wp-json\/wp\/v2\/pages"}],"about":[{"href":"https:\/\/www.hausreinhild.nl\/de\/wp-json\/wp\/v2\/types\/page"}],"author":[{"embeddable":true,"href":"https:\/\/www.hausreinhild.nl\/de\/wp-json\/wp\/v2\/users\/4"}],"replies":[{"embeddable":true,"href":"https:\/\/www.hausreinhild.nl\/de\/wp-json\/wp\/v2\/comments?post=2172"}],"version-history":[{"count":0,"href":"https:\/\/www.hausreinhild.nl\/de\/wp-json\/wp\/v2\/pages\/2172\/revisions"}],"wp:attachment":[{"href":"https:\/\/www.hausreinhild.nl\/de\/wp-json\/wp\/v2\/media?parent=2172"}],"curies":[{"name":"wp","href":"https:\/\/api.w.org\/{rel}","templated":true}]}}